{"id":237,"date":"2018-02-06T10:03:50","date_gmt":"2018-02-06T10:03:50","guid":{"rendered":"http:\/\/aprendecacharreando.com\/?page_id=237"},"modified":"2018-08-25T14:00:51","modified_gmt":"2018-08-25T14:00:51","slug":"curso-arduino","status":"publish","type":"page","link":"https:\/\/aprendecacharreando.com\/index.php\/curso-arduino\/","title":{"rendered":"Curso Arduino"},"content":{"rendered":"<h1 style=\"text-align: center;\"><span style=\"color: #0000ff;\"><strong>Curso Arduino, En continua actualizaci\u00f3n<\/strong><\/span><\/h1>\n<h2>Tema 0: Presentaci\u00f3n del curso<\/h2>\n<ul>\n<li>Presentaci\u00f3n de los ponentes<\/li>\n<li>Explicaci\u00f3n del curso<\/li>\n<li>Explicaci\u00f3n sobre los temas y la metodolog\u00eda<\/li>\n<li>Objetivos del curso<\/li>\n<li>&#8230;<\/li>\n<\/ul>\n<h2>Tema I: Historia y comunidad<\/h2>\n<ul>\n<li><a href=\"https:\/\/www.youtube.com\/watch?v=1u3l_QLE9PU\">Documental sobre arduino<\/a><\/li>\n<li><a href=\"http:\/\/arduinohistory.github.io\/\">La verdadera historia<\/a> por Hernando Barrag\u00e1n<\/li>\n<li>Comunidad en Castellano<\/li>\n<li><a href=\"https:\/\/es-es.facebook.com\/arduinograncanaria\/\">Comunidad en Gran Canaria<\/a><\/li>\n<li>Sobre el software y el hardware libre<\/li>\n<\/ul>\n<h2>Tema II: Arduino UNO, sensores y actuadores<\/h2>\n<ul>\n<li style=\"list-style-type: none\">\n<ul>\n<li>\n<h4><a href=\"https:\/\/store.arduino.cc\/arduino-uno-rev3\">Arduino UNO<\/a><\/h4>\n<ul>\n<li>Pinout\n<ul>\n<li>Entradas<\/li>\n<li>Salidas<\/li>\n<li>Anal\u00f3gicas<\/li>\n<li>Digitales<\/li>\n<li>PWM (~)<\/li>\n<li>TX y RX<\/li>\n<li>ICSP<\/li>\n<li>VCC 5, Vcc 3.3, GND<\/li>\n<\/ul>\n<\/li>\n<\/ul>\n<\/li>\n<\/ul>\n<\/li>\n<\/ul>\n<ul>\n<li style=\"list-style-type: none\">\n<ul>\n<li style=\"list-style-type: none\">\n<ul>\n<li style=\"list-style-type: none;\"><\/li>\n<li>Bot\u00f3n de reinicio<\/li>\n<li>Regulador de voltaje<\/li>\n<li>Microcontrolador Atmega 328\n<ul>\n<li>EEPROM<\/li>\n<\/ul>\n<\/li>\n<\/ul>\n<\/li>\n<\/ul>\n<\/li>\n<\/ul>\n<ul>\n<li style=\"list-style-type: none\">\n<ul>\n<li style=\"list-style-type: none\">\n<ul>\n<li style=\"list-style-type: none;\"><\/li>\n<li>Chip de comunicaci\u00f3n que permite la conversi\u00f3n de serial a USB.<\/li>\n<li>USB<\/li>\n<li>Alimentaci\u00f3n<\/li>\n<li>Leds\n<ul>\n<li>Power<\/li>\n<li>Tx y Rx<\/li>\n<li>Led 13<\/li>\n<\/ul>\n<\/li>\n<\/ul>\n<\/li>\n<\/ul>\n<\/li>\n<\/ul>\n<ul>\n<li style=\"list-style-type: none;\">\n<ul>\n<li style=\"list-style-type: none;\"><\/li>\n<\/ul>\n<\/li>\n<li><a href=\"https:\/\/www.arduino.cc\/es\/Products\/Compare\">Comparativa placas Arduino<\/a><\/li>\n<li>\n<h4>Sensores (Dispositivos de entrada)<\/h4>\n<ul>\n<li>Temperatura y Humedad DHT11<\/li>\n<li>https:\/\/aprendiendoarduino.wordpress.com\/2016\/12\/18\/sensores-y-actuadores\/<\/li>\n<li>Sensor de corriente efecto hall<\/li>\n<li>Sensor ultrasonido (HC-SR04)<\/li>\n<li>Giroscopio y Acelerometro (MPU6050)<\/li>\n<li>Joystick XY<\/li>\n<li>SENSOR DE VUELCO (BSC-TILT)<\/li>\n<li>Fotoresistencia<\/li>\n<li>RTC reloj<\/li>\n<\/ul>\n<\/li>\n<li>\n<h4>Actuadores (Dispositivos de salida)<\/h4>\n<ul>\n<li>Led<\/li>\n<li>8 Segementos<\/li>\n<li>Display 16&#215;2, 16&#215;4<\/li>\n<li>TFT, LED<\/li>\n<li>Relay<\/li>\n<li>Motores\n<ul>\n<li>Servo<\/li>\n<li>Paso a paso<\/li>\n<li>DC<\/li>\n<\/ul>\n<\/li>\n<\/ul>\n<\/li>\n<li>M\u00f3dulos de comunicaci\u00f3n\n<ul>\n<li>Serie<\/li>\n<li>Buses<\/li>\n<li>Ethernet<\/li>\n<li>Radio<\/li>\n<li>Bluethoot<\/li>\n<li>Wifi<\/li>\n<li>Xbee..<\/li>\n<\/ul>\n<\/li>\n<li>Shields<\/li>\n<\/ul>\n<h2>Tema III: Arduino, Fundamentos de programaci\u00f3n(Lenguaje y sintaxis)<\/h2>\n<ul>\n<li style=\"list-style-type: none\">\n<ul>\n<li>IDE<\/li>\n<li>Comentarios<\/li>\n<li><a href=\"https:\/\/aprendecacharreando.com\/index.php\/2018\/02\/13\/arduino-sketch-estructura-basica-programa\/\">Estructura b\u00e1sica de un programa, Sketch<\/a><\/li>\n<li>Uso de variables y tipos de datos, <a href=\"http:\/\/dfists.ua.es\/~jpomares\/arduino\/page_07.htm\">aqu\u00ed<\/a><\/li>\n<li>Estructuras De Control\n<ul>\n<li>if<\/li>\n<li>else<\/li>\n<li>switch&#8230;case<\/li>\n<li>while<\/li>\n<li>do&#8230;while<\/li>\n<li>for<\/li>\n<li>break<\/li>\n<li>continue<\/li>\n<li>goto<\/li>\n<li>return<\/li>\n<\/ul>\n<\/li>\n<\/ul>\n<\/li>\n<\/ul>\n<ul>\n<li style=\"list-style-type: none;\"><\/li>\n<li>Operadores Aritm\u00e9ticos<\/li>\n<li>Operadores Comparativos<\/li>\n<li>Operadores Booleanos<\/li>\n<li>Operador a nivel de bits<\/li>\n<li>Funciones<\/li>\n<li>Simulador<\/li>\n<li>Ejercicios<\/li>\n<\/ul>\n<h2>Tema IV: Arduino, Fundamentos de programaci\u00f3n II<\/h2>\n<ul>\n<li>Librer\u00edas\n<ul>\n<li>Librer\u00eda de base(core)\n<ul>\n<li>Digital I\/O\n<ul>\n<li>pinMode()<\/li>\n<li>digitalRead()<\/li>\n<li>digitalWrite()<\/li>\n<\/ul>\n<\/li>\n<\/ul>\n<\/li>\n<li>Standart<\/li>\n<li>USB Libraries<\/li>\n<li>Simple Message System<\/li>\n<li>OneWire<\/li>\n<\/ul>\n<\/li>\n<li><a href=\"http:\/\/dfists.ua.es\/~jpomares\/arduino\/page_13.htm\">Puerto Serie<\/a><\/li>\n<li>Interrupciones<\/li>\n<li>Ejercicios<\/li>\n<\/ul>\n<h2>Tema V: Proyectos con Arduino<\/h2>\n<ul>\n<li>Software de prototipado (Fritzing)<\/li>\n<li>https:\/\/circuits.io\/lab<\/li>\n<li>UnoArduSim<\/li>\n<li>Arduino con bater\u00edas<\/li>\n<li>Ejercicio: Pantalla 16&#215;2 con pulsadores y servo<\/li>\n<\/ul>\n<hr \/>\n<blockquote class=\"wp-embedded-content\" data-secret=\"19zQlBskS3\"><p><a href=\"https:\/\/programarfacil.com\/blog\/arduino-blog\/curso-de-arduino\/\">Curso de Arduino aprende a programar desde cero<\/a><\/p><\/blockquote>\n<p><iframe loading=\"lazy\" class=\"wp-embedded-content\" sandbox=\"allow-scripts\" security=\"restricted\" style=\"position: absolute; clip: rect(1px, 1px, 1px, 1px);\" src=\"https:\/\/programarfacil.com\/blog\/arduino-blog\/curso-de-arduino\/embed\/#?secret=19zQlBskS3\" data-secret=\"19zQlBskS3\" width=\"600\" height=\"338\" title=\"&#8220;Curso de Arduino aprende a programar desde cero&#8221; &#8212; Programar f\u00e1cil con Arduino\" frameborder=\"0\" marginwidth=\"0\" marginheight=\"0\" scrolling=\"no\"><\/iframe><br \/>\n<a href=\"https:\/\/aprendiendoarduino.wordpress.com\/cursos\/iniciacion-arduino-2017\/\">Iniciaci\u00f3n Arduino 2017<\/a><\/p>\n<blockquote class=\"wp-embedded-content\" data-secret=\"mfLzIvaBjf\"><p><a href=\"http:\/\/arduino.cl\/arduino-uno\/\">Arduino UNO R3<\/a><\/p><\/blockquote>\n<p><iframe loading=\"lazy\" class=\"wp-embedded-content\" sandbox=\"allow-scripts\" security=\"restricted\" style=\"position: absolute; clip: rect(1px, 1px, 1px, 1px);\" src=\"http:\/\/arduino.cl\/arduino-uno\/embed\/#?secret=mfLzIvaBjf\" data-secret=\"mfLzIvaBjf\" width=\"600\" height=\"338\" title=\"&#8220;Arduino UNO R3&#8221; &#8212; Arduino.cl\" frameborder=\"0\" marginwidth=\"0\" marginheight=\"0\" scrolling=\"no\"><\/iframe><br \/>\nhttp:\/\/www3.gobiernodecanarias.org\/medusa\/ecoblog\/ralvgon\/files\/2013\/05\/Caracter%C3%ADsticas-Arduino.pdf<\/p>\n","protected":false},"excerpt":{"rendered":"<p>Curso Arduino, En continua actualizaci\u00f3n Tema 0: Presentaci\u00f3n del curso Presentaci\u00f3n de los ponentes Explicaci\u00f3n del curso Explicaci\u00f3n sobre los<\/p>\n","protected":false},"author":1,"featured_media":0,"parent":0,"menu_order":0,"comment_status":"closed","ping_status":"closed","template":"","meta":{"colormag_page_layout":"default_layout","footnotes":""},"class_list":["post-237","page","type-page","status-publish","hentry"],"_links":{"self":[{"href":"https:\/\/aprendecacharreando.com\/index.php\/wp-json\/wp\/v2\/pages\/237","targetHints":{"allow":["GET"]}}],"collection":[{"href":"https:\/\/aprendecacharreando.com\/index.php\/wp-json\/wp\/v2\/pages"}],"about":[{"href":"https:\/\/aprendecacharreando.com\/index.php\/wp-json\/wp\/v2\/types\/page"}],"author":[{"embeddable":true,"href":"https:\/\/aprendecacharreando.com\/index.php\/wp-json\/wp\/v2\/users\/1"}],"replies":[{"embeddable":true,"href":"https:\/\/aprendecacharreando.com\/index.php\/wp-json\/wp\/v2\/comments?post=237"}],"version-history":[{"count":66,"href":"https:\/\/aprendecacharreando.com\/index.php\/wp-json\/wp\/v2\/pages\/237\/revisions"}],"predecessor-version":[{"id":333,"href":"https:\/\/aprendecacharreando.com\/index.php\/wp-json\/wp\/v2\/pages\/237\/revisions\/333"}],"wp:attachment":[{"href":"https:\/\/aprendecacharreando.com\/index.php\/wp-json\/wp\/v2\/media?parent=237"}],"curies":[{"name":"wp","href":"https:\/\/api.w.org\/{rel}","templated":true}]}}