{"id":2,"date":"2016-11-30T19:19:27","date_gmt":"2016-11-30T19:19:27","guid":{"rendered":"http:\/\/aprendecacharreando.com\/?page_id=2"},"modified":"2016-12-24T15:55:03","modified_gmt":"2016-12-24T15:55:03","slug":"glosario-de-terminos","status":"publish","type":"page","link":"https:\/\/aprendecacharreando.com\/index.php\/glosario-de-terminos\/","title":{"rendered":"Glosario de T\u00e9rminos"},"content":{"rendered":"<p>GNU\/GPL<\/p>\n<p>La <b>Licencia P\u00fablica General de GNU<\/b> o m\u00e1s conocida por su nombre en ingl\u00e9s <b>GNU General Public License<\/b> (o simplemente sus siglas del ingl\u00e9s <b>GNU GPL<\/b>) es la licencia m\u00e1s ampliamente usada<span style=\"font-size: 12px;\">\u00a0<\/span>en el mundo del\u00a0software y garantiza a los usuarios finales (personas, organizaciones, compa\u00f1\u00edas) la libertad de usar, estudiar, compartir (copiar) y modificar el software. Su prop\u00f3sito es declarar que el software cubierto por esta licencia es software libre y protegerlo de intentos de apropiaci\u00f3n que restrinjan esas libertades a los usuarios.<\/p>\n<p>&nbsp;<\/p>\n<p>Algunas abreviaturas utilizadas en los Drones<\/p>\n<ul>\n<li><strong>UAV<\/strong> \u2013 Unmanned Aerial Vehicle<\/li>\n<li><strong>FPV<\/strong> \u2013 First Person View<\/li>\n<li><strong>VANT<\/strong>&#8211; Veh\u00edculo A\u00e9reo no Tripulado<\/li>\n<li><strong>RPAS<\/strong> &#8211;\u00a0Remotely Piloted Aircraft Systems<\/li>\n<li><strong>AH<\/strong> &#8211;\u00a0These include Autonomous Harvesting<\/li>\n<li><strong>UAS<\/strong>\u00a0&#8211;\u00a0Unmanned Air Systems<\/li>\n<li><strong>UCAS<\/strong> \u2013 Unmanned Combat Aircraft Systems<\/li>\n<li><strong>UGV<\/strong> &#8211;\u00a0Unmanned Ground Vehicles<\/li>\n<li><strong>ROV<\/strong> &#8211;\u00a0Remotely Operated Vehicles<\/li>\n<li><strong>UMS<\/strong> &#8211;\u00a0Unmanned Maritime Systems<\/li>\n<li><strong>UUV<\/strong> &#8211;\u00a0Unmanned Underwater Vehicles<\/li>\n<li><strong>AUV<\/strong> &#8211;\u00a0Autonomous Underwater Vehicles<\/li>\n<li><strong>ASV\u00a0<\/strong>&#8211;\u00a0Autonomous Surface Vehicles<\/li>\n<li><strong>UGV<\/strong> &#8211;\u00a0Unmanned Ground Systems<\/li>\n<li><strong>USV<\/strong> &#8211;\u00a0Unmanned Surface Vehicles<\/li>\n<\/ul>\n","protected":false},"excerpt":{"rendered":"<p>GNU\/GPL La Licencia P\u00fablica General de GNU o m\u00e1s conocida por su nombre en ingl\u00e9s GNU General Public License (o<\/p>\n","protected":false},"author":1,"featured_media":0,"parent":0,"menu_order":0,"comment_status":"closed","ping_status":"open","template":"","meta":{"colormag_page_layout":"default_layout","footnotes":""},"class_list":["post-2","page","type-page","status-publish","hentry"],"_links":{"self":[{"href":"https:\/\/aprendecacharreando.com\/index.php\/wp-json\/wp\/v2\/pages\/2","targetHints":{"allow":["GET"]}}],"collection":[{"href":"https:\/\/aprendecacharreando.com\/index.php\/wp-json\/wp\/v2\/pages"}],"about":[{"href":"https:\/\/aprendecacharreando.com\/index.php\/wp-json\/wp\/v2\/types\/page"}],"author":[{"embeddable":true,"href":"https:\/\/aprendecacharreando.com\/index.php\/wp-json\/wp\/v2\/users\/1"}],"replies":[{"embeddable":true,"href":"https:\/\/aprendecacharreando.com\/index.php\/wp-json\/wp\/v2\/comments?post=2"}],"version-history":[{"count":4,"href":"https:\/\/aprendecacharreando.com\/index.php\/wp-json\/wp\/v2\/pages\/2\/revisions"}],"predecessor-version":[{"id":116,"href":"https:\/\/aprendecacharreando.com\/index.php\/wp-json\/wp\/v2\/pages\/2\/revisions\/116"}],"wp:attachment":[{"href":"https:\/\/aprendecacharreando.com\/index.php\/wp-json\/wp\/v2\/media?parent=2"}],"curies":[{"name":"wp","href":"https:\/\/api.w.org\/{rel}","templated":true}]}}