{"id":127,"date":"2017-01-09T18:41:22","date_gmt":"2017-01-09T18:41:22","guid":{"rendered":"http:\/\/aprendecacharreando.com\/?page_id=127"},"modified":"2020-11-24T23:05:17","modified_gmt":"2020-11-24T23:05:17","slug":"3d","status":"publish","type":"page","link":"https:\/\/aprendecacharreando.com\/index.php\/3d\/","title":{"rendered":"3D"},"content":{"rendered":"<p>Impresi\u00f3n 3D<\/p>\n<p>La fabricaci\u00f3n de un objeto a trav\u00e9s de la impresi\u00f3n 3d se puede conseguir a trav\u00e9s de 3 t\u00e9cnicas bien diferenciadas:<\/p>\n<ul>\n<li>FDM: T\u00e9cnica m\u00e1s popular y que se basa en la construcci\u00f3n por deposici\u00f3n fundida.\u00a0El material com\u00fanmente utilizado en esta t\u00e9cnica es el termo-pl\u00e1stico, el cual a partir de un rollo de filamento, alimentar una punta extrusora que va fundiendo el pl\u00e1stico y en su salida lo va depositando en una superficie a una temperatura muy inferior para que \u00e9sta se solidifique r\u00e1pidamente. La punta extrusora va siguiendo una trayectoria\u00a0que le va indicando el archivo. La fabricaci\u00f3n\u00a0del objeto se va realizando capa a capa.<\/li>\n<li>SLA: T\u00e9cnica basada en la solidificaci\u00f3n mediante luz \u00f3ptica. Es una t\u00e9cnica m\u00e1s avanzada que la de FDM y permite la\u00a0fabricaci\u00f3n de una capa completa por unidad de tiempo, es decir, mediante la proyecci\u00f3n de la silueta\u00a0de una capa completa sobre una superficie transparente, solidifica solo la parte iluminada utilizando para ello foto-polimeros que reaccionan cuando les son aplicados una luz a una determinada longitud de onda pasando de un estado liquido a s\u00f3lido.<\/li>\n<li>SLS: T\u00e9cnica basada en la\u00a0sinterizaci\u00f3n mediante l\u00e1ser \u00f3ptico. Aunque existen varias subt\u00e9cnicas\u00a0SLS, la m\u00e1s com\u00fan es el empleo de un laser que va solidificando un polimero en forma de polvo e uniendo las mol\u00e9culas vecinales en su trayectoria. La construcci\u00f3n es similar a la del FDM pero sus resultados son m\u00e1s precisos.<\/li>\n<\/ul>\n<p>Modelaje 3D<\/p>\n<p>Web de objetos ya creados<\/p>\n<p><a href=\"https:\/\/www.thingiverse.com\/\">https:\/\/www.thingiverse.com\/<\/a><\/p>\n<p>[canvasio3D width=\u00bb320&#8243; height=\u00bb320&#8243; border=\u00bb1&#8243; borderCol=\u00bb#F6F6F6&#8243; dropShadow=\u00bb0&#8243; backCol=\u00bb#FFFFFF\u00bb backImg=\u00bb&#8230;\u00bb mouse=\u00bbon\u00bb rollMode=\u00bboff\u00bb rollSpeedH=\u00bb0&#8243; rollSpeedV=\u00bb0&#8243; objPath=\u00bbhttps:\/\/aprendecacharreando.com\/wp-content\/uploads\/2017\/01\/Gripper_v5.stl\u00bb objScale=\u00bb1.5&#8243; objColor=\u00bb\u00bb lightSet=\u00bb7&#8243; reflection=\u00bboff\u00bb refVal=\u00bb5&#8243; objShadow=\u00bboff\u00bb floor=\u00bboff\u00bb floorHeight=\u00bb42&#8243; lightRotate=\u00bboff\u00bb Help=\u00bboff\u00bb] [\/canvasio3D]<\/p>\n<p>[canvasio3D width=\u00bb320&#8243; height=\u00bb320&#8243; border=\u00bb1&#8243; borderCol=\u00bb#F6F6F6&#8243; dropShadow=\u00bb0&#8243; backCol=\u00bb#FFFFFF\u00bb backImg=\u00bb&#8230;\u00bb mouse=\u00bbon\u00bb rollMode=\u00bboff\u00bb rollSpeedH=\u00bb0&#8243; rollSpeedV=\u00bb0&#8243; objPath=\u00bbhttps:\/\/aprendecacharreando.com\/wp-content\/uploads\/2017\/01\/ArmFront_v3.stl\u00bb objScale=\u00bb1.5&#8243; objColor=\u00bb\u00bb lightSet=\u00bb7&#8243; reflection=\u00bboff\u00bb refVal=\u00bb5&#8243; objShadow=\u00bboff\u00bb floor=\u00bboff\u00bb floorHeight=\u00bb42&#8243; lightRotate=\u00bboff\u00bb Help=\u00bboff\u00bb] [\/canvasio3D]<\/p>\n","protected":false},"excerpt":{"rendered":"<p>Impresi\u00f3n 3D La fabricaci\u00f3n de un objeto a trav\u00e9s de la impresi\u00f3n 3d se puede conseguir a trav\u00e9s de 3<\/p>\n","protected":false},"author":1,"featured_media":0,"parent":0,"menu_order":0,"comment_status":"closed","ping_status":"closed","template":"","meta":{"colormag_page_layout":"default_layout","footnotes":""},"class_list":["post-127","page","type-page","status-publish","hentry"],"_links":{"self":[{"href":"https:\/\/aprendecacharreando.com\/index.php\/wp-json\/wp\/v2\/pages\/127","targetHints":{"allow":["GET"]}}],"collection":[{"href":"https:\/\/aprendecacharreando.com\/index.php\/wp-json\/wp\/v2\/pages"}],"about":[{"href":"https:\/\/aprendecacharreando.com\/index.php\/wp-json\/wp\/v2\/types\/page"}],"author":[{"embeddable":true,"href":"https:\/\/aprendecacharreando.com\/index.php\/wp-json\/wp\/v2\/users\/1"}],"replies":[{"embeddable":true,"href":"https:\/\/aprendecacharreando.com\/index.php\/wp-json\/wp\/v2\/comments?post=127"}],"version-history":[{"count":4,"href":"https:\/\/aprendecacharreando.com\/index.php\/wp-json\/wp\/v2\/pages\/127\/revisions"}],"predecessor-version":[{"id":388,"href":"https:\/\/aprendecacharreando.com\/index.php\/wp-json\/wp\/v2\/pages\/127\/revisions\/388"}],"wp:attachment":[{"href":"https:\/\/aprendecacharreando.com\/index.php\/wp-json\/wp\/v2\/media?parent=127"}],"curies":[{"name":"wp","href":"https:\/\/api.w.org\/{rel}","templated":true}]}}