{"id":118,"date":"2016-12-25T12:22:37","date_gmt":"2016-12-25T12:22:37","guid":{"rendered":"http:\/\/aprendecacharreando.com\/?page_id=118"},"modified":"2020-11-24T23:00:05","modified_gmt":"2020-11-24T23:00:05","slug":"iptv","status":"publish","type":"page","link":"https:\/\/aprendecacharreando.com\/index.php\/iptv\/","title":{"rendered":"Iptv"},"content":{"rendered":"<p><strong>Wiseplay<\/strong><\/p>\n<p>http:\/\/w3ubin.com\/N1J-SZ0m-.w3u<\/p>\n<p><strong>Movistar<\/strong><\/p>\n<p>https:\/\/www.noltari.es\/movistartv\/<\/p>\n<p><strong>Tecnolog\u00edas utilizadas:<\/strong><\/p>\n<p>Movistar: IPTV<\/p>\n<p>Vodafone HFC (antes Ono): CATV + Nagra3<\/p>\n<p>Vodafone FTTH: IPTV + Nagra3<\/p>\n<p>Orange: OTT con usuario+contrase\u00f1a<\/p>\n<h3>Broadcast<\/h3>\n<p>Consiste en enviar un mensaje a todos los host como sea posible. Es muy distinto del que nos ocupa, ya que no permite el acceso a todos los clientes que est\u00e9n interesados, sino que el mensaje es propagado a tanto como sea posible. Se utiliza la m\u00e1scara de red para determinar cu\u00e1l es el l\u00edmite alcanzable.<\/p>\n<p><strong>Movistar<\/strong><\/p>\n<p>Permite ver desde fuera de casa los canales contratados, estos canales pueden verse en un m\u00f3vil, tablet o smartTV. Cuando se visualizan desde fuera del domicilio hay algunas restricciones seg\u00fan el dispositivo. Por ejemplo los canales de f\u00fatbol no pueden verse desde las aplicaciones disponibles en las SmartTV pero si que pueden visualizarse en un smartphone.<\/p>\n","protected":false},"excerpt":{"rendered":"<p>Wiseplay http:\/\/w3ubin.com\/N1J-SZ0m-.w3u Movistar https:\/\/www.noltari.es\/movistartv\/ Tecnolog\u00edas utilizadas: Movistar: IPTV Vodafone HFC (antes Ono): CATV + Nagra3 Vodafone FTTH: IPTV + Nagra3<\/p>\n","protected":false},"author":1,"featured_media":0,"parent":0,"menu_order":0,"comment_status":"closed","ping_status":"closed","template":"","meta":{"colormag_page_layout":"default_layout","footnotes":""},"class_list":["post-118","page","type-page","status-publish","hentry"],"_links":{"self":[{"href":"https:\/\/aprendecacharreando.com\/index.php\/wp-json\/wp\/v2\/pages\/118","targetHints":{"allow":["GET"]}}],"collection":[{"href":"https:\/\/aprendecacharreando.com\/index.php\/wp-json\/wp\/v2\/pages"}],"about":[{"href":"https:\/\/aprendecacharreando.com\/index.php\/wp-json\/wp\/v2\/types\/page"}],"author":[{"embeddable":true,"href":"https:\/\/aprendecacharreando.com\/index.php\/wp-json\/wp\/v2\/users\/1"}],"replies":[{"embeddable":true,"href":"https:\/\/aprendecacharreando.com\/index.php\/wp-json\/wp\/v2\/comments?post=118"}],"version-history":[{"count":6,"href":"https:\/\/aprendecacharreando.com\/index.php\/wp-json\/wp\/v2\/pages\/118\/revisions"}],"predecessor-version":[{"id":386,"href":"https:\/\/aprendecacharreando.com\/index.php\/wp-json\/wp\/v2\/pages\/118\/revisions\/386"}],"wp:attachment":[{"href":"https:\/\/aprendecacharreando.com\/index.php\/wp-json\/wp\/v2\/media?parent=118"}],"curies":[{"name":"wp","href":"https:\/\/api.w.org\/{rel}","templated":true}]}}